{"id":101,"date":"2023-05-18T03:57:19","date_gmt":"2023-05-18T07:57:19","guid":{"rendered":"https:\/\/ticocolocation.fr\/?page_id=101"},"modified":"2024-02-02T09:12:37","modified_gmt":"2024-02-02T13:12:37","slug":"accueil-ti-coco-location-vacance-guadeloupe","status":"publish","type":"page","link":"https:\/\/ticocolocation.fr\/","title":{"rendered":"Accueil"},"content":{"rendered":"\n<p class=\"has-text-align-center\">Votre appartement de vacances   <\/p>\n\n\n\n<h3 class=\"wp-block-heading has-text-align-center has-large-font-size\">Ti Coco Location<\/h3>\n\n\n\n<p class=\"has-medium-font-size\"><mark>Ti Coco location se situe \u00e0 la R\u00e9sidence Manganao Saint-Fran\u00e7ois en Guadeloupe, \u00e0 250 m\u00e8tres environs de la plage, ainsi que la piscine priv\u00e9e surveill\u00e9e par un ma\u00eetre nageur.<\/mark><\/p>\n\n\n\n<p>Nous vous accueillerons dans notre appartement de 25m2 climatis\u00e9 \u00e9quip\u00e9 d&rsquo;un lit Queen Size et d&rsquo;un canap\u00e9 lit convertible, pouvant accueillir 2 \u00e0 4 personnes. Il dispose d&rsquo;une citerne tampon pour palier aux coupures d&rsquo;eaux courantes dans la r\u00e9gion, une salle de bain, une kitchenette totalement \u00e9quip\u00e9(micro onde, cafeti\u00e8re, grille-pain, plaque de cuisson, ustensiles de cuisine&#8230;), une T.V avec bouquet satellite, une connexion WIFI avec r\u00e9seau Fibre Tr\u00e8s Haut D\u00e9bit, une terrasse et bien d&rsquo;autres avantages \u00e0 d\u00e9couvrir sur place.<\/p>\n\n\n\n<p>Cet appartement de vacances est id\u00e9ale pour profiter d\u2019un s\u00e9jour en famille ou entre amis!<\/p>\n\n\n\n<p>Le restaurant en prolongement de la piscine et de la plage est spacieux et tr\u00e8s agr\u00e9able. <\/p>\n\n\n\n<p>Vous pourrez profiter pleinement des am\u00e9nagements ext\u00e9rieurs; transats , carbets sur pilotis, salons ext\u00e9rieurs etc&#8230;, en profitant d&rsquo;une vue mer,  piscine, ou les deux \ud83d\ude09 .<\/p>\n\n\n\n<p>La grande terrasse int\u00e9rieure accueille un spacieux salon TV et une cuisine ouverte avec tout l\u2019\u00e9quipement n\u00e9cessaire pour concocter de bons petits plats pour votre famille ou vos amis.<\/p>\n\n\n\n<p>La terrasse ext\u00e9rieure abrite une grande table \u00e0 manger, des hamacs et un petit coin chill.<\/p>\n\n\n\n<h2 class=\"wp-block-heading has-text-align-center\">Saint-Fran\u00e7ois<\/h2>\n\n\n\n<p><strong>E<\/strong>st la destination de choix pour les amoureux de la mer et des activit\u00e9s nautiques. Vous pourrez pratiquer des sports tels que la plong\u00e9e sous-marine, le kitesurf, la planche \u00e0 voile et le paddle. Vous d\u00e9couvrirez de magnifiques plages de sable blanc aux eaux turquoises.<br>Les amateurs de golf pourront \u00e9galement profiter du plus beau parcours des Antilles.<br>Le march\u00e9 local de Saint-Fran\u00e7ois est un lieu incontournable pour trouver des produits locaux et go\u00fbter les saveurs de la cuisine cr\u00e9ole guadeloup\u00e9enne.<br>Saint-Fran\u00e7ois est le point de d\u00e9part pour de nombreuses excursions vers les \u00eeles de Marie-Galante, La D\u00e9sirade, Petite-Terre, Les Saintes \u2026<\/p>\n\n\n\n<figure class=\"wp-block-image size-large\"><img loading=\"lazy\" decoding=\"async\" width=\"1024\" height=\"1024\" src=\"https:\/\/ticocolocation.fr\/wp-content\/uploads\/2023\/06\/f5f5d363-0228-4fcc-abdf-1d6c849d6db6-1024x1024.jpg\" alt=\"Piscine plage vacance ti coco location\" class=\"wp-image-843\" srcset=\"https:\/\/ticocolocation.fr\/wp-content\/uploads\/2023\/06\/f5f5d363-0228-4fcc-abdf-1d6c849d6db6-1024x1024.jpg 1024w, https:\/\/ticocolocation.fr\/wp-content\/uploads\/2023\/06\/f5f5d363-0228-4fcc-abdf-1d6c849d6db6-300x300.jpg 300w, https:\/\/ticocolocation.fr\/wp-content\/uploads\/2023\/06\/f5f5d363-0228-4fcc-abdf-1d6c849d6db6-150x150.jpg 150w, https:\/\/ticocolocation.fr\/wp-content\/uploads\/2023\/06\/f5f5d363-0228-4fcc-abdf-1d6c849d6db6-768x768.jpg 768w, https:\/\/ticocolocation.fr\/wp-content\/uploads\/2023\/06\/f5f5d363-0228-4fcc-abdf-1d6c849d6db6-1536x1536.jpg 1536w, https:\/\/ticocolocation.fr\/wp-content\/uploads\/2023\/06\/f5f5d363-0228-4fcc-abdf-1d6c849d6db6.jpg 2048w\" sizes=\"auto, (max-width: 1024px) 100vw, 1024px\" \/><\/figure>\n","protected":false},"excerpt":{"rendered":"<p>Ti Coco location se situe \u00e0 la R\u00e9sidence Manganao Saint-Fran\u00e7ois en Guadeloupe, \u00e0 250 m\u00e8tres environs de la plage, ainsi que la piscine priv\u00e9e surveill\u00e9e par un ma\u00eetre nageur.<\/p>\n","protected":false},"author":1,"featured_media":843,"parent":0,"menu_order":1,"comment_status":"open","ping_status":"closed","template":"","meta":{"om_disable_all_campaigns":false,"_monsterinsights_skip_tracking":false,"_monsterinsights_sitenote_active":false,"_monsterinsights_sitenote_note":"","_monsterinsights_sitenote_category":0,"_uf_show_specific_survey":0,"_uf_disable_surveys":false,"footnotes":""},"class_list":["post-101","page","type-page","status-publish","has-post-thumbnail","hentry"],"yoast_head":"<!-- This site is optimized with the Yoast SEO plugin v27.3 - https:\/\/yoast.com\/product\/yoast-seo-wordpress\/ -->\n<title>Accueil - Appartement de vacances Ti Coco Location<\/title>\n<meta name=\"description\" content=\"Bienvenue sur le site officiel de votre location de vacances en Guadeloupe Ti Coco Location. Vous pourrez r\u00e9server votre s\u00e9jour en un clic!\" \/>\n<meta name=\"robots\" content=\"index, follow, max-snippet:-1, max-image-preview:large, max-video-preview:-1\" \/>\n<link rel=\"canonical\" href=\"https:\/\/ticocolocation.fr\/\" \/>\n<meta property=\"og:locale\" content=\"fr_FR\" \/>\n<meta property=\"og:type\" content=\"article\" \/>\n<meta property=\"og:title\" content=\"Accueil - Appartement de vacances Ti Coco Location\" \/>\n<meta property=\"og:description\" content=\"Bienvenue sur le site officiel de votre location de vacances en Guadeloupe Ti Coco Location. Vous pourrez r\u00e9server votre s\u00e9jour en un clic!\" \/>\n<meta property=\"og:url\" content=\"https:\/\/ticocolocation.fr\/\" \/>\n<meta property=\"og:site_name\" content=\"Ti Coco Location\" \/>\n<meta property=\"article:publisher\" content=\"https:\/\/www.facebook.com\/profile.php?id=100092245442940\" \/>\n<meta property=\"article:modified_time\" content=\"2024-02-02T13:12:37+00:00\" \/>\n<meta property=\"og:image\" content=\"https:\/\/ticocolocation.fr\/wp-content\/uploads\/2023\/06\/f5f5d363-0228-4fcc-abdf-1d6c849d6db6.jpg\" \/>\n\t<meta property=\"og:image:width\" content=\"2048\" \/>\n\t<meta property=\"og:image:height\" content=\"2048\" \/>\n\t<meta property=\"og:image:type\" content=\"image\/jpeg\" \/>\n<meta name=\"twitter:card\" content=\"summary_large_image\" \/>\n<meta name=\"twitter:label1\" content=\"Dur\u00e9e de lecture estim\u00e9e\" \/>\n\t<meta name=\"twitter:data1\" content=\"3 minutes\" \/>\n<script type=\"application\/ld+json\" class=\"yoast-schema-graph\">{\"@context\":\"https:\\\/\\\/schema.org\",\"@graph\":[{\"@type\":\"WebPage\",\"@id\":\"https:\\\/\\\/ticocolocation.fr\\\/\",\"url\":\"https:\\\/\\\/ticocolocation.fr\\\/\",\"name\":\"Accueil - Appartement de vacances Ti Coco Location\",\"isPartOf\":{\"@id\":\"https:\\\/\\\/ticocolocation.fr\\\/#website\"},\"primaryImageOfPage\":{\"@id\":\"https:\\\/\\\/ticocolocation.fr\\\/#primaryimage\"},\"image\":{\"@id\":\"https:\\\/\\\/ticocolocation.fr\\\/#primaryimage\"},\"thumbnailUrl\":\"https:\\\/\\\/ticocolocation.fr\\\/wp-content\\\/uploads\\\/2023\\\/06\\\/f5f5d363-0228-4fcc-abdf-1d6c849d6db6.jpg\",\"datePublished\":\"2023-05-18T07:57:19+00:00\",\"dateModified\":\"2024-02-02T13:12:37+00:00\",\"description\":\"Bienvenue sur le site officiel de votre location de vacances en Guadeloupe Ti Coco Location. Vous pourrez r\u00e9server votre s\u00e9jour en un clic!\",\"breadcrumb\":{\"@id\":\"https:\\\/\\\/ticocolocation.fr\\\/#breadcrumb\"},\"inLanguage\":\"fr-FR\",\"potentialAction\":[{\"@type\":\"ReadAction\",\"target\":[\"https:\\\/\\\/ticocolocation.fr\\\/\"]}]},{\"@type\":\"ImageObject\",\"inLanguage\":\"fr-FR\",\"@id\":\"https:\\\/\\\/ticocolocation.fr\\\/#primaryimage\",\"url\":\"https:\\\/\\\/ticocolocation.fr\\\/wp-content\\\/uploads\\\/2023\\\/06\\\/f5f5d363-0228-4fcc-abdf-1d6c849d6db6.jpg\",\"contentUrl\":\"https:\\\/\\\/ticocolocation.fr\\\/wp-content\\\/uploads\\\/2023\\\/06\\\/f5f5d363-0228-4fcc-abdf-1d6c849d6db6.jpg\",\"width\":2048,\"height\":2048,\"caption\":\"Ti Coco Location Piscine et plage\"},{\"@type\":\"BreadcrumbList\",\"@id\":\"https:\\\/\\\/ticocolocation.fr\\\/#breadcrumb\",\"itemListElement\":[{\"@type\":\"ListItem\",\"position\":1,\"name\":\"Accueil\",\"item\":\"https:\\\/\\\/ticocolocation.fr\\\/\"},{\"@type\":\"ListItem\",\"position\":2,\"name\":\"Accueil\"}]},{\"@type\":\"WebSite\",\"@id\":\"https:\\\/\\\/ticocolocation.fr\\\/#website\",\"url\":\"https:\\\/\\\/ticocolocation.fr\\\/\",\"name\":\"Ti Coco Location\",\"description\":\"Votre location de vacance en Guadeloupe\",\"publisher\":{\"@id\":\"https:\\\/\\\/ticocolocation.fr\\\/#organization\"},\"alternateName\":\"Ti Coco\",\"potentialAction\":[{\"@type\":\"SearchAction\",\"target\":{\"@type\":\"EntryPoint\",\"urlTemplate\":\"https:\\\/\\\/ticocolocation.fr\\\/?s={search_term_string}\"},\"query-input\":{\"@type\":\"PropertyValueSpecification\",\"valueRequired\":true,\"valueName\":\"search_term_string\"}}],\"inLanguage\":\"fr-FR\"},{\"@type\":\"Organization\",\"@id\":\"https:\\\/\\\/ticocolocation.fr\\\/#organization\",\"name\":\"Ti Coco Location\",\"alternateName\":\"Ti Coco\",\"url\":\"https:\\\/\\\/ticocolocation.fr\\\/\",\"logo\":{\"@type\":\"ImageObject\",\"inLanguage\":\"fr-FR\",\"@id\":\"https:\\\/\\\/ticocolocation.fr\\\/#\\\/schema\\\/logo\\\/image\\\/\",\"url\":\"https:\\\/\\\/ticocolocation.fr\\\/wp-content\\\/uploads\\\/2023\\\/05\\\/Ti-Coco-pour-Illustrations.png\",\"contentUrl\":\"https:\\\/\\\/ticocolocation.fr\\\/wp-content\\\/uploads\\\/2023\\\/05\\\/Ti-Coco-pour-Illustrations.png\",\"width\":1563,\"height\":1563,\"caption\":\"Ti Coco Location\"},\"image\":{\"@id\":\"https:\\\/\\\/ticocolocation.fr\\\/#\\\/schema\\\/logo\\\/image\\\/\"},\"sameAs\":[\"https:\\\/\\\/www.facebook.com\\\/profile.php?id=100092245442940\",\"https:\\\/\\\/www.instagram.com\\\/ti_coco_location\\\/\"]}]}<\/script>\n<!-- \/ Yoast SEO plugin. -->","yoast_head_json":{"title":"Accueil - Appartement de vacances Ti Coco Location","description":"Bienvenue sur le site officiel de votre location de vacances en Guadeloupe Ti Coco Location. Vous pourrez r\u00e9server votre s\u00e9jour en un clic!","robots":{"index":"index","follow":"follow","max-snippet":"max-snippet:-1","max-image-preview":"max-image-preview:large","max-video-preview":"max-video-preview:-1"},"canonical":"https:\/\/ticocolocation.fr\/","og_locale":"fr_FR","og_type":"article","og_title":"Accueil - Appartement de vacances Ti Coco Location","og_description":"Bienvenue sur le site officiel de votre location de vacances en Guadeloupe Ti Coco Location. Vous pourrez r\u00e9server votre s\u00e9jour en un clic!","og_url":"https:\/\/ticocolocation.fr\/","og_site_name":"Ti Coco Location","article_publisher":"https:\/\/www.facebook.com\/profile.php?id=100092245442940","article_modified_time":"2024-02-02T13:12:37+00:00","og_image":[{"width":2048,"height":2048,"url":"https:\/\/ticocolocation.fr\/wp-content\/uploads\/2023\/06\/f5f5d363-0228-4fcc-abdf-1d6c849d6db6.jpg","type":"image\/jpeg"}],"twitter_card":"summary_large_image","twitter_misc":{"Dur\u00e9e de lecture estim\u00e9e":"3 minutes"},"schema":{"@context":"https:\/\/schema.org","@graph":[{"@type":"WebPage","@id":"https:\/\/ticocolocation.fr\/","url":"https:\/\/ticocolocation.fr\/","name":"Accueil - Appartement de vacances Ti Coco Location","isPartOf":{"@id":"https:\/\/ticocolocation.fr\/#website"},"primaryImageOfPage":{"@id":"https:\/\/ticocolocation.fr\/#primaryimage"},"image":{"@id":"https:\/\/ticocolocation.fr\/#primaryimage"},"thumbnailUrl":"https:\/\/ticocolocation.fr\/wp-content\/uploads\/2023\/06\/f5f5d363-0228-4fcc-abdf-1d6c849d6db6.jpg","datePublished":"2023-05-18T07:57:19+00:00","dateModified":"2024-02-02T13:12:37+00:00","description":"Bienvenue sur le site officiel de votre location de vacances en Guadeloupe Ti Coco Location. Vous pourrez r\u00e9server votre s\u00e9jour en un clic!","breadcrumb":{"@id":"https:\/\/ticocolocation.fr\/#breadcrumb"},"inLanguage":"fr-FR","potentialAction":[{"@type":"ReadAction","target":["https:\/\/ticocolocation.fr\/"]}]},{"@type":"ImageObject","inLanguage":"fr-FR","@id":"https:\/\/ticocolocation.fr\/#primaryimage","url":"https:\/\/ticocolocation.fr\/wp-content\/uploads\/2023\/06\/f5f5d363-0228-4fcc-abdf-1d6c849d6db6.jpg","contentUrl":"https:\/\/ticocolocation.fr\/wp-content\/uploads\/2023\/06\/f5f5d363-0228-4fcc-abdf-1d6c849d6db6.jpg","width":2048,"height":2048,"caption":"Ti Coco Location Piscine et plage"},{"@type":"BreadcrumbList","@id":"https:\/\/ticocolocation.fr\/#breadcrumb","itemListElement":[{"@type":"ListItem","position":1,"name":"Accueil","item":"https:\/\/ticocolocation.fr\/"},{"@type":"ListItem","position":2,"name":"Accueil"}]},{"@type":"WebSite","@id":"https:\/\/ticocolocation.fr\/#website","url":"https:\/\/ticocolocation.fr\/","name":"Ti Coco Location","description":"Votre location de vacance en Guadeloupe","publisher":{"@id":"https:\/\/ticocolocation.fr\/#organization"},"alternateName":"Ti Coco","potentialAction":[{"@type":"SearchAction","target":{"@type":"EntryPoint","urlTemplate":"https:\/\/ticocolocation.fr\/?s={search_term_string}"},"query-input":{"@type":"PropertyValueSpecification","valueRequired":true,"valueName":"search_term_string"}}],"inLanguage":"fr-FR"},{"@type":"Organization","@id":"https:\/\/ticocolocation.fr\/#organization","name":"Ti Coco Location","alternateName":"Ti Coco","url":"https:\/\/ticocolocation.fr\/","logo":{"@type":"ImageObject","inLanguage":"fr-FR","@id":"https:\/\/ticocolocation.fr\/#\/schema\/logo\/image\/","url":"https:\/\/ticocolocation.fr\/wp-content\/uploads\/2023\/05\/Ti-Coco-pour-Illustrations.png","contentUrl":"https:\/\/ticocolocation.fr\/wp-content\/uploads\/2023\/05\/Ti-Coco-pour-Illustrations.png","width":1563,"height":1563,"caption":"Ti Coco Location"},"image":{"@id":"https:\/\/ticocolocation.fr\/#\/schema\/logo\/image\/"},"sameAs":["https:\/\/www.facebook.com\/profile.php?id=100092245442940","https:\/\/www.instagram.com\/ti_coco_location\/"]}]}},"jetpack_sharing_enabled":true,"_links":{"self":[{"href":"https:\/\/ticocolocation.fr\/index.php\/wp-json\/wp\/v2\/pages\/101","targetHints":{"allow":["GET"]}}],"collection":[{"href":"https:\/\/ticocolocation.fr\/index.php\/wp-json\/wp\/v2\/pages"}],"about":[{"href":"https:\/\/ticocolocation.fr\/index.php\/wp-json\/wp\/v2\/types\/page"}],"author":[{"embeddable":true,"href":"https:\/\/ticocolocation.fr\/index.php\/wp-json\/wp\/v2\/users\/1"}],"replies":[{"embeddable":true,"href":"https:\/\/ticocolocation.fr\/index.php\/wp-json\/wp\/v2\/comments?post=101"}],"version-history":[{"count":5,"href":"https:\/\/ticocolocation.fr\/index.php\/wp-json\/wp\/v2\/pages\/101\/revisions"}],"predecessor-version":[{"id":958,"href":"https:\/\/ticocolocation.fr\/index.php\/wp-json\/wp\/v2\/pages\/101\/revisions\/958"}],"wp:featuredmedia":[{"embeddable":true,"href":"https:\/\/ticocolocation.fr\/index.php\/wp-json\/wp\/v2\/media\/843"}],"wp:attachment":[{"href":"https:\/\/ticocolocation.fr\/index.php\/wp-json\/wp\/v2\/media?parent=101"}],"curies":[{"name":"wp","href":"https:\/\/api.w.org\/{rel}","templated":true}]}}