{"id":685,"date":"2023-05-20T22:16:07","date_gmt":"2023-05-21T02:16:07","guid":{"rendered":"https:\/\/ticocolocation.fr\/?page_id=685"},"modified":"2023-10-22T21:43:20","modified_gmt":"2023-10-23T01:43:20","slug":"appartement-ti-coco","status":"publish","type":"page","link":"https:\/\/ticocolocation.fr\/index.php\/appartement-ti-coco\/","title":{"rendered":"Ti Coco"},"content":{"rendered":"","protected":false},"excerpt":{"rendered":"<p>Votre Appartement Ti Coco  <\/p>\n","protected":false},"author":1,"featured_media":771,"parent":0,"menu_order":2,"comment_status":"closed","ping_status":"closed","template":"","meta":{"om_disable_all_campaigns":false,"_monsterinsights_skip_tracking":false,"_monsterinsights_sitenote_active":false,"_monsterinsights_sitenote_note":"","_monsterinsights_sitenote_category":0,"_uf_show_specific_survey":0,"_uf_disable_surveys":false,"footnotes":""},"class_list":["post-685","page","type-page","status-publish","has-post-thumbnail","hentry"],"yoast_head":"<!-- This site is optimized with the Yoast SEO plugin v27.3 - https:\/\/yoast.com\/product\/yoast-seo-wordpress\/ -->\n<title>Ti Coco Location Appartement location saisonni\u00e8re en Guadeloupe<\/title>\n<meta name=\"description\" content=\"Ti Coco Location Appartement situ\u00e9 \u00e0 la r\u00e9sidence Manganao \u00e0 Saint-Francois, pouvant accueillir 2 Adultes et 2 enfants.\" \/>\n<meta name=\"robots\" content=\"index, follow, max-snippet:-1, max-image-preview:large, max-video-preview:-1\" \/>\n<link rel=\"canonical\" href=\"https:\/\/ticocolocation.fr\/index.php\/appartement-ti-coco\/\" \/>\n<meta property=\"og:locale\" content=\"fr_FR\" \/>\n<meta property=\"og:type\" content=\"article\" \/>\n<meta property=\"og:title\" content=\"Ti Coco Location Appartement location saisonni\u00e8re en Guadeloupe\" \/>\n<meta property=\"og:description\" content=\"Ti Coco Location Appartement situ\u00e9 \u00e0 la r\u00e9sidence Manganao \u00e0 Saint-Francois, pouvant accueillir 2 Adultes et 2 enfants.\" \/>\n<meta property=\"og:url\" content=\"https:\/\/ticocolocation.fr\/index.php\/appartement-ti-coco\/\" \/>\n<meta property=\"og:site_name\" content=\"Ti Coco Location\" \/>\n<meta property=\"article:publisher\" content=\"https:\/\/www.facebook.com\/profile.php?id=100092245442940\" \/>\n<meta property=\"article:modified_time\" content=\"2023-10-23T01:43:20+00:00\" \/>\n<meta property=\"og:image\" content=\"https:\/\/ticocolocation.fr\/wp-content\/uploads\/2023\/05\/img_0557-scaled.jpg\" \/>\n\t<meta property=\"og:image:width\" content=\"2560\" \/>\n\t<meta property=\"og:image:height\" content=\"1920\" \/>\n\t<meta property=\"og:image:type\" content=\"image\/jpeg\" \/>\n<meta name=\"twitter:card\" content=\"summary_large_image\" \/>\n<script type=\"application\/ld+json\" class=\"yoast-schema-graph\">{\"@context\":\"https:\\\/\\\/schema.org\",\"@graph\":[{\"@type\":\"WebPage\",\"@id\":\"https:\\\/\\\/ticocolocation.fr\\\/index.php\\\/appartement-ti-coco\\\/\",\"url\":\"https:\\\/\\\/ticocolocation.fr\\\/index.php\\\/appartement-ti-coco\\\/\",\"name\":\"Ti Coco Location Appartement location saisonni\u00e8re en Guadeloupe\",\"isPartOf\":{\"@id\":\"https:\\\/\\\/ticocolocation.fr\\\/#website\"},\"primaryImageOfPage\":{\"@id\":\"https:\\\/\\\/ticocolocation.fr\\\/index.php\\\/appartement-ti-coco\\\/#primaryimage\"},\"image\":{\"@id\":\"https:\\\/\\\/ticocolocation.fr\\\/index.php\\\/appartement-ti-coco\\\/#primaryimage\"},\"thumbnailUrl\":\"https:\\\/\\\/ticocolocation.fr\\\/wp-content\\\/uploads\\\/2023\\\/05\\\/img_0557-scaled.jpg\",\"datePublished\":\"2023-05-21T02:16:07+00:00\",\"dateModified\":\"2023-10-23T01:43:20+00:00\",\"description\":\"Ti Coco Location Appartement situ\u00e9 \u00e0 la r\u00e9sidence Manganao \u00e0 Saint-Francois, pouvant accueillir 2 Adultes et 2 enfants.\",\"breadcrumb\":{\"@id\":\"https:\\\/\\\/ticocolocation.fr\\\/index.php\\\/appartement-ti-coco\\\/#breadcrumb\"},\"inLanguage\":\"fr-FR\",\"potentialAction\":[{\"@type\":\"ReadAction\",\"target\":[\"https:\\\/\\\/ticocolocation.fr\\\/index.php\\\/appartement-ti-coco\\\/\"]}]},{\"@type\":\"ImageObject\",\"inLanguage\":\"fr-FR\",\"@id\":\"https:\\\/\\\/ticocolocation.fr\\\/index.php\\\/appartement-ti-coco\\\/#primaryimage\",\"url\":\"https:\\\/\\\/ticocolocation.fr\\\/wp-content\\\/uploads\\\/2023\\\/05\\\/img_0557-scaled.jpg\",\"contentUrl\":\"https:\\\/\\\/ticocolocation.fr\\\/wp-content\\\/uploads\\\/2023\\\/05\\\/img_0557-scaled.jpg\",\"width\":2560,\"height\":1920,\"caption\":\"Vu Appartement\"},{\"@type\":\"BreadcrumbList\",\"@id\":\"https:\\\/\\\/ticocolocation.fr\\\/index.php\\\/appartement-ti-coco\\\/#breadcrumb\",\"itemListElement\":[{\"@type\":\"ListItem\",\"position\":1,\"name\":\"Accueil\",\"item\":\"https:\\\/\\\/ticocolocation.fr\\\/\"},{\"@type\":\"ListItem\",\"position\":2,\"name\":\"Ti Coco\"}]},{\"@type\":\"WebSite\",\"@id\":\"https:\\\/\\\/ticocolocation.fr\\\/#website\",\"url\":\"https:\\\/\\\/ticocolocation.fr\\\/\",\"name\":\"Ti Coco Location\",\"description\":\"Votre location de vacance en Guadeloupe\",\"publisher\":{\"@id\":\"https:\\\/\\\/ticocolocation.fr\\\/#organization\"},\"alternateName\":\"Ti Coco\",\"potentialAction\":[{\"@type\":\"SearchAction\",\"target\":{\"@type\":\"EntryPoint\",\"urlTemplate\":\"https:\\\/\\\/ticocolocation.fr\\\/?s={search_term_string}\"},\"query-input\":{\"@type\":\"PropertyValueSpecification\",\"valueRequired\":true,\"valueName\":\"search_term_string\"}}],\"inLanguage\":\"fr-FR\"},{\"@type\":\"Organization\",\"@id\":\"https:\\\/\\\/ticocolocation.fr\\\/#organization\",\"name\":\"Ti Coco Location\",\"alternateName\":\"Ti Coco\",\"url\":\"https:\\\/\\\/ticocolocation.fr\\\/\",\"logo\":{\"@type\":\"ImageObject\",\"inLanguage\":\"fr-FR\",\"@id\":\"https:\\\/\\\/ticocolocation.fr\\\/#\\\/schema\\\/logo\\\/image\\\/\",\"url\":\"https:\\\/\\\/ticocolocation.fr\\\/wp-content\\\/uploads\\\/2023\\\/05\\\/Ti-Coco-pour-Illustrations.png\",\"contentUrl\":\"https:\\\/\\\/ticocolocation.fr\\\/wp-content\\\/uploads\\\/2023\\\/05\\\/Ti-Coco-pour-Illustrations.png\",\"width\":1563,\"height\":1563,\"caption\":\"Ti Coco Location\"},\"image\":{\"@id\":\"https:\\\/\\\/ticocolocation.fr\\\/#\\\/schema\\\/logo\\\/image\\\/\"},\"sameAs\":[\"https:\\\/\\\/www.facebook.com\\\/profile.php?id=100092245442940\",\"https:\\\/\\\/www.instagram.com\\\/ti_coco_location\\\/\"]}]}<\/script>\n<!-- \/ Yoast SEO plugin. -->","yoast_head_json":{"title":"Ti Coco Location Appartement location saisonni\u00e8re en Guadeloupe","description":"Ti Coco Location Appartement situ\u00e9 \u00e0 la r\u00e9sidence Manganao \u00e0 Saint-Francois, pouvant accueillir 2 Adultes et 2 enfants.","robots":{"index":"index","follow":"follow","max-snippet":"max-snippet:-1","max-image-preview":"max-image-preview:large","max-video-preview":"max-video-preview:-1"},"canonical":"https:\/\/ticocolocation.fr\/index.php\/appartement-ti-coco\/","og_locale":"fr_FR","og_type":"article","og_title":"Ti Coco Location Appartement location saisonni\u00e8re en Guadeloupe","og_description":"Ti Coco Location Appartement situ\u00e9 \u00e0 la r\u00e9sidence Manganao \u00e0 Saint-Francois, pouvant accueillir 2 Adultes et 2 enfants.","og_url":"https:\/\/ticocolocation.fr\/index.php\/appartement-ti-coco\/","og_site_name":"Ti Coco Location","article_publisher":"https:\/\/www.facebook.com\/profile.php?id=100092245442940","article_modified_time":"2023-10-23T01:43:20+00:00","og_image":[{"width":2560,"height":1920,"url":"https:\/\/ticocolocation.fr\/wp-content\/uploads\/2023\/05\/img_0557-scaled.jpg","type":"image\/jpeg"}],"twitter_card":"summary_large_image","schema":{"@context":"https:\/\/schema.org","@graph":[{"@type":"WebPage","@id":"https:\/\/ticocolocation.fr\/index.php\/appartement-ti-coco\/","url":"https:\/\/ticocolocation.fr\/index.php\/appartement-ti-coco\/","name":"Ti Coco Location Appartement location saisonni\u00e8re en Guadeloupe","isPartOf":{"@id":"https:\/\/ticocolocation.fr\/#website"},"primaryImageOfPage":{"@id":"https:\/\/ticocolocation.fr\/index.php\/appartement-ti-coco\/#primaryimage"},"image":{"@id":"https:\/\/ticocolocation.fr\/index.php\/appartement-ti-coco\/#primaryimage"},"thumbnailUrl":"https:\/\/ticocolocation.fr\/wp-content\/uploads\/2023\/05\/img_0557-scaled.jpg","datePublished":"2023-05-21T02:16:07+00:00","dateModified":"2023-10-23T01:43:20+00:00","description":"Ti Coco Location Appartement situ\u00e9 \u00e0 la r\u00e9sidence Manganao \u00e0 Saint-Francois, pouvant accueillir 2 Adultes et 2 enfants.","breadcrumb":{"@id":"https:\/\/ticocolocation.fr\/index.php\/appartement-ti-coco\/#breadcrumb"},"inLanguage":"fr-FR","potentialAction":[{"@type":"ReadAction","target":["https:\/\/ticocolocation.fr\/index.php\/appartement-ti-coco\/"]}]},{"@type":"ImageObject","inLanguage":"fr-FR","@id":"https:\/\/ticocolocation.fr\/index.php\/appartement-ti-coco\/#primaryimage","url":"https:\/\/ticocolocation.fr\/wp-content\/uploads\/2023\/05\/img_0557-scaled.jpg","contentUrl":"https:\/\/ticocolocation.fr\/wp-content\/uploads\/2023\/05\/img_0557-scaled.jpg","width":2560,"height":1920,"caption":"Vu Appartement"},{"@type":"BreadcrumbList","@id":"https:\/\/ticocolocation.fr\/index.php\/appartement-ti-coco\/#breadcrumb","itemListElement":[{"@type":"ListItem","position":1,"name":"Accueil","item":"https:\/\/ticocolocation.fr\/"},{"@type":"ListItem","position":2,"name":"Ti Coco"}]},{"@type":"WebSite","@id":"https:\/\/ticocolocation.fr\/#website","url":"https:\/\/ticocolocation.fr\/","name":"Ti Coco Location","description":"Votre location de vacance en Guadeloupe","publisher":{"@id":"https:\/\/ticocolocation.fr\/#organization"},"alternateName":"Ti Coco","potentialAction":[{"@type":"SearchAction","target":{"@type":"EntryPoint","urlTemplate":"https:\/\/ticocolocation.fr\/?s={search_term_string}"},"query-input":{"@type":"PropertyValueSpecification","valueRequired":true,"valueName":"search_term_string"}}],"inLanguage":"fr-FR"},{"@type":"Organization","@id":"https:\/\/ticocolocation.fr\/#organization","name":"Ti Coco Location","alternateName":"Ti Coco","url":"https:\/\/ticocolocation.fr\/","logo":{"@type":"ImageObject","inLanguage":"fr-FR","@id":"https:\/\/ticocolocation.fr\/#\/schema\/logo\/image\/","url":"https:\/\/ticocolocation.fr\/wp-content\/uploads\/2023\/05\/Ti-Coco-pour-Illustrations.png","contentUrl":"https:\/\/ticocolocation.fr\/wp-content\/uploads\/2023\/05\/Ti-Coco-pour-Illustrations.png","width":1563,"height":1563,"caption":"Ti Coco Location"},"image":{"@id":"https:\/\/ticocolocation.fr\/#\/schema\/logo\/image\/"},"sameAs":["https:\/\/www.facebook.com\/profile.php?id=100092245442940","https:\/\/www.instagram.com\/ti_coco_location\/"]}]}},"jetpack_sharing_enabled":true,"_links":{"self":[{"href":"https:\/\/ticocolocation.fr\/index.php\/wp-json\/wp\/v2\/pages\/685","targetHints":{"allow":["GET"]}}],"collection":[{"href":"https:\/\/ticocolocation.fr\/index.php\/wp-json\/wp\/v2\/pages"}],"about":[{"href":"https:\/\/ticocolocation.fr\/index.php\/wp-json\/wp\/v2\/types\/page"}],"author":[{"embeddable":true,"href":"https:\/\/ticocolocation.fr\/index.php\/wp-json\/wp\/v2\/users\/1"}],"replies":[{"embeddable":true,"href":"https:\/\/ticocolocation.fr\/index.php\/wp-json\/wp\/v2\/comments?post=685"}],"version-history":[{"count":16,"href":"https:\/\/ticocolocation.fr\/index.php\/wp-json\/wp\/v2\/pages\/685\/revisions"}],"predecessor-version":[{"id":944,"href":"https:\/\/ticocolocation.fr\/index.php\/wp-json\/wp\/v2\/pages\/685\/revisions\/944"}],"wp:featuredmedia":[{"embeddable":true,"href":"https:\/\/ticocolocation.fr\/index.php\/wp-json\/wp\/v2\/media\/771"}],"wp:attachment":[{"href":"https:\/\/ticocolocation.fr\/index.php\/wp-json\/wp\/v2\/media?parent=685"}],"curies":[{"name":"wp","href":"https:\/\/api.w.org\/{rel}","templated":true}]}}