{"id":691,"date":"2023-05-20T22:42:37","date_gmt":"2023-05-21T02:42:37","guid":{"rendered":"https:\/\/ticocolocation.fr\/?page_id=691"},"modified":"2024-02-01T22:00:50","modified_gmt":"2024-02-02T02:00:50","slug":"gallerie","status":"publish","type":"page","link":"https:\/\/ticocolocation.fr\/index.php\/gallerie\/","title":{"rendered":"Galerie"},"content":{"rendered":"","protected":false},"excerpt":{"rendered":"<p>Visionner notre galerie !<\/p>\n","protected":false},"author":1,"featured_media":759,"parent":0,"menu_order":4,"comment_status":"closed","ping_status":"closed","template":"","meta":{"om_disable_all_campaigns":false,"_monsterinsights_skip_tracking":false,"_monsterinsights_sitenote_active":false,"_monsterinsights_sitenote_note":"","_monsterinsights_sitenote_category":0,"_uf_show_specific_survey":0,"_uf_disable_surveys":false,"footnotes":""},"class_list":["post-691","page","type-page","status-publish","has-post-thumbnail","hentry"],"yoast_head":"<!-- This site is optimized with the Yoast SEO plugin v27.3 - https:\/\/yoast.com\/product\/yoast-seo-wordpress\/ -->\n<title>Galerie - Ti Coco Location<\/title>\n<meta name=\"description\" content=\"Ti Coco Location\" \/>\n<meta name=\"robots\" content=\"index, follow, max-snippet:-1, max-image-preview:large, max-video-preview:-1\" \/>\n<link rel=\"canonical\" href=\"https:\/\/ticocolocation.fr\/index.php\/gallerie\/\" \/>\n<meta property=\"og:locale\" content=\"fr_FR\" \/>\n<meta property=\"og:type\" content=\"article\" \/>\n<meta property=\"og:title\" content=\"Galerie - Ti Coco Location\" \/>\n<meta property=\"og:description\" content=\"Ti Coco Location\" \/>\n<meta property=\"og:url\" content=\"https:\/\/ticocolocation.fr\/index.php\/gallerie\/\" \/>\n<meta property=\"og:site_name\" content=\"Ti Coco Location\" \/>\n<meta property=\"article:publisher\" content=\"https:\/\/www.facebook.com\/profile.php?id=100092245442940\" \/>\n<meta property=\"article:modified_time\" content=\"2024-02-02T02:00:50+00:00\" \/>\n<meta property=\"og:image\" content=\"https:\/\/ticocolocation.fr\/wp-content\/uploads\/2023\/05\/saint-francois_5.jpg\" \/>\n\t<meta property=\"og:image:width\" content=\"800\" \/>\n\t<meta property=\"og:image:height\" content=\"531\" \/>\n\t<meta property=\"og:image:type\" content=\"image\/jpeg\" \/>\n<meta name=\"twitter:card\" content=\"summary_large_image\" \/>\n<meta name=\"twitter:label1\" content=\"Dur\u00e9e de lecture estim\u00e9e\" \/>\n\t<meta name=\"twitter:data1\" content=\"1 minute\" \/>\n<script type=\"application\/ld+json\" class=\"yoast-schema-graph\">{\"@context\":\"https:\\\/\\\/schema.org\",\"@graph\":[{\"@type\":\"WebPage\",\"@id\":\"https:\\\/\\\/ticocolocation.fr\\\/index.php\\\/gallerie\\\/\",\"url\":\"https:\\\/\\\/ticocolocation.fr\\\/index.php\\\/gallerie\\\/\",\"name\":\"Galerie - Ti Coco Location\",\"isPartOf\":{\"@id\":\"https:\\\/\\\/ticocolocation.fr\\\/#website\"},\"primaryImageOfPage\":{\"@id\":\"https:\\\/\\\/ticocolocation.fr\\\/index.php\\\/gallerie\\\/#primaryimage\"},\"image\":{\"@id\":\"https:\\\/\\\/ticocolocation.fr\\\/index.php\\\/gallerie\\\/#primaryimage\"},\"thumbnailUrl\":\"https:\\\/\\\/ticocolocation.fr\\\/wp-content\\\/uploads\\\/2023\\\/05\\\/saint-francois_5.jpg\",\"datePublished\":\"2023-05-21T02:42:37+00:00\",\"dateModified\":\"2024-02-02T02:00:50+00:00\",\"description\":\"Ti Coco Location\",\"breadcrumb\":{\"@id\":\"https:\\\/\\\/ticocolocation.fr\\\/index.php\\\/gallerie\\\/#breadcrumb\"},\"inLanguage\":\"fr-FR\",\"potentialAction\":[{\"@type\":\"ReadAction\",\"target\":[\"https:\\\/\\\/ticocolocation.fr\\\/index.php\\\/gallerie\\\/\"]}]},{\"@type\":\"ImageObject\",\"inLanguage\":\"fr-FR\",\"@id\":\"https:\\\/\\\/ticocolocation.fr\\\/index.php\\\/gallerie\\\/#primaryimage\",\"url\":\"https:\\\/\\\/ticocolocation.fr\\\/wp-content\\\/uploads\\\/2023\\\/05\\\/saint-francois_5.jpg\",\"contentUrl\":\"https:\\\/\\\/ticocolocation.fr\\\/wp-content\\\/uploads\\\/2023\\\/05\\\/saint-francois_5.jpg\",\"width\":800,\"height\":531,\"caption\":\"Venez d\u00e9couvrir le march\u00e9 de Saint-Fran\u00e7ois et celui de Saint-Anne pour y d\u00e9nicher un panel de produits locaux\"},{\"@type\":\"BreadcrumbList\",\"@id\":\"https:\\\/\\\/ticocolocation.fr\\\/index.php\\\/gallerie\\\/#breadcrumb\",\"itemListElement\":[{\"@type\":\"ListItem\",\"position\":1,\"name\":\"Accueil\",\"item\":\"https:\\\/\\\/ticocolocation.fr\\\/\"},{\"@type\":\"ListItem\",\"position\":2,\"name\":\"Galerie\"}]},{\"@type\":\"WebSite\",\"@id\":\"https:\\\/\\\/ticocolocation.fr\\\/#website\",\"url\":\"https:\\\/\\\/ticocolocation.fr\\\/\",\"name\":\"Ti Coco Location\",\"description\":\"Votre location de vacance en Guadeloupe\",\"publisher\":{\"@id\":\"https:\\\/\\\/ticocolocation.fr\\\/#organization\"},\"alternateName\":\"Ti Coco\",\"potentialAction\":[{\"@type\":\"SearchAction\",\"target\":{\"@type\":\"EntryPoint\",\"urlTemplate\":\"https:\\\/\\\/ticocolocation.fr\\\/?s={search_term_string}\"},\"query-input\":{\"@type\":\"PropertyValueSpecification\",\"valueRequired\":true,\"valueName\":\"search_term_string\"}}],\"inLanguage\":\"fr-FR\"},{\"@type\":\"Organization\",\"@id\":\"https:\\\/\\\/ticocolocation.fr\\\/#organization\",\"name\":\"Ti Coco Location\",\"alternateName\":\"Ti Coco\",\"url\":\"https:\\\/\\\/ticocolocation.fr\\\/\",\"logo\":{\"@type\":\"ImageObject\",\"inLanguage\":\"fr-FR\",\"@id\":\"https:\\\/\\\/ticocolocation.fr\\\/#\\\/schema\\\/logo\\\/image\\\/\",\"url\":\"https:\\\/\\\/ticocolocation.fr\\\/wp-content\\\/uploads\\\/2023\\\/05\\\/Ti-Coco-pour-Illustrations.png\",\"contentUrl\":\"https:\\\/\\\/ticocolocation.fr\\\/wp-content\\\/uploads\\\/2023\\\/05\\\/Ti-Coco-pour-Illustrations.png\",\"width\":1563,\"height\":1563,\"caption\":\"Ti Coco Location\"},\"image\":{\"@id\":\"https:\\\/\\\/ticocolocation.fr\\\/#\\\/schema\\\/logo\\\/image\\\/\"},\"sameAs\":[\"https:\\\/\\\/www.facebook.com\\\/profile.php?id=100092245442940\",\"https:\\\/\\\/www.instagram.com\\\/ti_coco_location\\\/\"]}]}<\/script>\n<!-- \/ Yoast SEO plugin. -->","yoast_head_json":{"title":"Galerie - Ti Coco Location","description":"Ti Coco Location","robots":{"index":"index","follow":"follow","max-snippet":"max-snippet:-1","max-image-preview":"max-image-preview:large","max-video-preview":"max-video-preview:-1"},"canonical":"https:\/\/ticocolocation.fr\/index.php\/gallerie\/","og_locale":"fr_FR","og_type":"article","og_title":"Galerie - Ti Coco Location","og_description":"Ti Coco Location","og_url":"https:\/\/ticocolocation.fr\/index.php\/gallerie\/","og_site_name":"Ti Coco Location","article_publisher":"https:\/\/www.facebook.com\/profile.php?id=100092245442940","article_modified_time":"2024-02-02T02:00:50+00:00","og_image":[{"width":800,"height":531,"url":"https:\/\/ticocolocation.fr\/wp-content\/uploads\/2023\/05\/saint-francois_5.jpg","type":"image\/jpeg"}],"twitter_card":"summary_large_image","twitter_misc":{"Dur\u00e9e de lecture estim\u00e9e":"1 minute"},"schema":{"@context":"https:\/\/schema.org","@graph":[{"@type":"WebPage","@id":"https:\/\/ticocolocation.fr\/index.php\/gallerie\/","url":"https:\/\/ticocolocation.fr\/index.php\/gallerie\/","name":"Galerie - Ti Coco Location","isPartOf":{"@id":"https:\/\/ticocolocation.fr\/#website"},"primaryImageOfPage":{"@id":"https:\/\/ticocolocation.fr\/index.php\/gallerie\/#primaryimage"},"image":{"@id":"https:\/\/ticocolocation.fr\/index.php\/gallerie\/#primaryimage"},"thumbnailUrl":"https:\/\/ticocolocation.fr\/wp-content\/uploads\/2023\/05\/saint-francois_5.jpg","datePublished":"2023-05-21T02:42:37+00:00","dateModified":"2024-02-02T02:00:50+00:00","description":"Ti Coco Location","breadcrumb":{"@id":"https:\/\/ticocolocation.fr\/index.php\/gallerie\/#breadcrumb"},"inLanguage":"fr-FR","potentialAction":[{"@type":"ReadAction","target":["https:\/\/ticocolocation.fr\/index.php\/gallerie\/"]}]},{"@type":"ImageObject","inLanguage":"fr-FR","@id":"https:\/\/ticocolocation.fr\/index.php\/gallerie\/#primaryimage","url":"https:\/\/ticocolocation.fr\/wp-content\/uploads\/2023\/05\/saint-francois_5.jpg","contentUrl":"https:\/\/ticocolocation.fr\/wp-content\/uploads\/2023\/05\/saint-francois_5.jpg","width":800,"height":531,"caption":"Venez d\u00e9couvrir le march\u00e9 de Saint-Fran\u00e7ois et celui de Saint-Anne pour y d\u00e9nicher un panel de produits locaux"},{"@type":"BreadcrumbList","@id":"https:\/\/ticocolocation.fr\/index.php\/gallerie\/#breadcrumb","itemListElement":[{"@type":"ListItem","position":1,"name":"Accueil","item":"https:\/\/ticocolocation.fr\/"},{"@type":"ListItem","position":2,"name":"Galerie"}]},{"@type":"WebSite","@id":"https:\/\/ticocolocation.fr\/#website","url":"https:\/\/ticocolocation.fr\/","name":"Ti Coco Location","description":"Votre location de vacance en Guadeloupe","publisher":{"@id":"https:\/\/ticocolocation.fr\/#organization"},"alternateName":"Ti Coco","potentialAction":[{"@type":"SearchAction","target":{"@type":"EntryPoint","urlTemplate":"https:\/\/ticocolocation.fr\/?s={search_term_string}"},"query-input":{"@type":"PropertyValueSpecification","valueRequired":true,"valueName":"search_term_string"}}],"inLanguage":"fr-FR"},{"@type":"Organization","@id":"https:\/\/ticocolocation.fr\/#organization","name":"Ti Coco Location","alternateName":"Ti Coco","url":"https:\/\/ticocolocation.fr\/","logo":{"@type":"ImageObject","inLanguage":"fr-FR","@id":"https:\/\/ticocolocation.fr\/#\/schema\/logo\/image\/","url":"https:\/\/ticocolocation.fr\/wp-content\/uploads\/2023\/05\/Ti-Coco-pour-Illustrations.png","contentUrl":"https:\/\/ticocolocation.fr\/wp-content\/uploads\/2023\/05\/Ti-Coco-pour-Illustrations.png","width":1563,"height":1563,"caption":"Ti Coco Location"},"image":{"@id":"https:\/\/ticocolocation.fr\/#\/schema\/logo\/image\/"},"sameAs":["https:\/\/www.facebook.com\/profile.php?id=100092245442940","https:\/\/www.instagram.com\/ti_coco_location\/"]}]}},"jetpack_sharing_enabled":true,"_links":{"self":[{"href":"https:\/\/ticocolocation.fr\/index.php\/wp-json\/wp\/v2\/pages\/691","targetHints":{"allow":["GET"]}}],"collection":[{"href":"https:\/\/ticocolocation.fr\/index.php\/wp-json\/wp\/v2\/pages"}],"about":[{"href":"https:\/\/ticocolocation.fr\/index.php\/wp-json\/wp\/v2\/types\/page"}],"author":[{"embeddable":true,"href":"https:\/\/ticocolocation.fr\/index.php\/wp-json\/wp\/v2\/users\/1"}],"replies":[{"embeddable":true,"href":"https:\/\/ticocolocation.fr\/index.php\/wp-json\/wp\/v2\/comments?post=691"}],"version-history":[{"count":7,"href":"https:\/\/ticocolocation.fr\/index.php\/wp-json\/wp\/v2\/pages\/691\/revisions"}],"predecessor-version":[{"id":968,"href":"https:\/\/ticocolocation.fr\/index.php\/wp-json\/wp\/v2\/pages\/691\/revisions\/968"}],"wp:featuredmedia":[{"embeddable":true,"href":"https:\/\/ticocolocation.fr\/index.php\/wp-json\/wp\/v2\/media\/759"}],"wp:attachment":[{"href":"https:\/\/ticocolocation.fr\/index.php\/wp-json\/wp\/v2\/media?parent=691"}],"curies":[{"name":"wp","href":"https:\/\/api.w.org\/{rel}","templated":true}]}}